{"id":8812,"date":"2023-02-28T08:05:56","date_gmt":"2023-02-28T07:05:56","guid":{"rendered":"https:\/\/fairbeweegung.lu\/?page_id=8812"},"modified":"2023-02-28T08:08:52","modified_gmt":"2023-02-28T07:08:52","slug":"ueber-uns-2","status":"publish","type":"page","link":"https:\/\/fairbeweegung.lu\/fr\/ueber-uns-2\/","title":{"rendered":"Qui sommes-nous"},"content":{"rendered":"<div data-elementor-type=\"wp-page\" data-elementor-id=\"8812\" class=\"elementor elementor-8812\" data-elementor-post-type=\"page\">\n\t\t\t\t\t\t<section class=\"elementor-section elementor-top-section elementor-element elementor-element-cd54172 elementor-section-boxed elementor-section-height-default elementor-section-height-default\" data-id=\"cd54172\" data-element_type=\"section\" data-e-type=\"section\">\n\t\t\t\t\t\t<div class=\"elementor-container elementor-column-gap-default\">\n\t\t\t\t\t<div class=\"elementor-column elementor-col-100 elementor-top-column elementor-element elementor-element-dcd824a\" data-id=\"dcd824a\" data-element_type=\"column\" data-e-type=\"column\">\n\t\t\t<div class=\"elementor-widget-wrap elementor-element-populated\">\n\t\t\t\t\t\t<div class=\"elementor-element elementor-element-8cccf19 elementor-nav-menu__text-align-aside elementor-nav-menu--toggle elementor-nav-menu--burger elementor-widget elementor-widget-nav-menu\" data-id=\"8cccf19\" data-element_type=\"widget\" data-e-type=\"widget\" data-settings=\"{&quot;layout&quot;:&quot;dropdown&quot;,&quot;submenu_icon&quot;:{&quot;value&quot;:&quot;&lt;i class=\\&quot;fas fa-caret-down\\&quot; aria-hidden=\\&quot;true\\&quot;&gt;&lt;\\\/i&gt;&quot;,&quot;library&quot;:&quot;fa-solid&quot;},&quot;toggle&quot;:&quot;burger&quot;}\" data-widget_type=\"nav-menu.default\">\n\t\t\t\t<div class=\"elementor-widget-container\">\n\t\t\t\t\t\t\t<div class=\"elementor-menu-toggle\" role=\"button\" tabindex=\"0\" aria-label=\"Permuter le menu\" aria-expanded=\"false\">\n\t\t\t<i aria-hidden=\"true\" role=\"presentation\" class=\"elementor-menu-toggle__icon--open eicon-menu-bar\"><\/i><i aria-hidden=\"true\" role=\"presentation\" class=\"elementor-menu-toggle__icon--close eicon-close\"><\/i>\t\t<\/div>\n\t\t\t\t\t<nav class=\"elementor-nav-menu--dropdown elementor-nav-menu__container\" aria-hidden=\"true\">\n\t\t\t\t<ul id=\"menu-2-8cccf19\" class=\"elementor-nav-menu\"><li class=\"menu-item menu-item-type-post_type menu-item-object-page menu-item-home menu-item-1078\"><a href=\"https:\/\/fairbeweegung.lu\/fr\/\" class=\"elementor-item\" tabindex=\"-1\">Page d'acceuil<\/a><\/li>\n<li class=\"hide-this-item menu-item menu-item-type-post_type menu-item-object-page menu-item-1081\"><a href=\"https:\/\/fairbeweegung.lu\/fr\/?page_id=507\" class=\"elementor-item\" tabindex=\"-1\">Devenir membre<\/a><\/li>\n<li class=\"hide-this-item menu-item menu-item-type-post_type menu-item-object-page menu-item-1080\"><a href=\"https:\/\/fairbeweegung.lu\/fr\/?page_id=46\" class=\"elementor-item\" tabindex=\"-1\">Contact<\/a><\/li>\n<li class=\"menu-item menu-item-type-post_type menu-item-object-page menu-item-8820\"><a href=\"https:\/\/fairbeweegung.lu\/fr\/ueber-uns-2\/\" class=\"elementor-item\" tabindex=\"-1\">Qui sommes-nous<\/a><\/li>\n<li class=\"hide-this-item menu-item menu-item-type-post_type menu-item-object-page menu-item-1115\"><a href=\"https:\/\/fairbeweegung.lu\/fr\/?page_id=1085\" class=\"elementor-item\" tabindex=\"-1\">Statuts<\/a><\/li>\n<li class=\"menu-item menu-item-type-post_type menu-item-object-page menu-item-1691\"><a href=\"https:\/\/fairbeweegung.lu\/fr\/charta-2\/\" class=\"elementor-item\" tabindex=\"-1\">Charte<\/a><\/li>\n<\/ul>\t\t\t<\/nav>\n\t\t\t\t\t\t<\/div>\n\t\t\t\t<\/div>\n\t\t\t\t\t<\/div>\n\t\t<\/div>\n\t\t\t\t\t<\/div>\n\t\t<\/section>\n\t\t\t\t<section class=\"elementor-section elementor-top-section elementor-element elementor-element-c1e4be2 elementor-section-boxed elementor-section-height-default elementor-section-height-default\" data-id=\"c1e4be2\" data-element_type=\"section\" data-e-type=\"section\">\n\t\t\t\t\t\t<div class=\"elementor-container elementor-column-gap-default\">\n\t\t\t\t\t<div class=\"elementor-column elementor-col-100 elementor-top-column elementor-element elementor-element-6baf8ba\" data-id=\"6baf8ba\" data-element_type=\"column\" data-e-type=\"column\">\n\t\t\t<div class=\"elementor-widget-wrap elementor-element-populated\">\n\t\t\t\t\t\t<div class=\"elementor-element elementor-element-6cfdb29 elementor-widget elementor-widget-image\" data-id=\"6cfdb29\" data-element_type=\"widget\" data-e-type=\"widget\" data-widget_type=\"image.default\">\n\t\t\t\t<div class=\"elementor-widget-container\">\n\t\t\t\t\t\t\t\t\t\t\t\t\t\t\t\t<a href=\"https:\/\/fairbeweegung.lu\/fr\/\">\n\t\t\t\t\t\t\t<img decoding=\"async\" src=\"https:\/\/fairbeweegung.lu\/wp-content\/uploads\/elementor\/thumbs\/fair_Artboard-3-3-transparent-ptftxvz67vvy8y6xnmzg5kkmqwq79087hqbvjw96ok.png\" title=\"fair_Artboard 3-3 transparent\" alt=\"FAIR Beweegung\" loading=\"lazy\" \/>\t\t\t\t\t\t\t\t<\/a>\n\t\t\t\t\t\t\t\t\t\t\t\t\t\t\t<\/div>\n\t\t\t\t<\/div>\n\t\t\t\t\t<\/div>\n\t\t<\/div>\n\t\t\t\t\t<\/div>\n\t\t<\/section>\n\t\t\t\t<section class=\"elementor-section elementor-top-section elementor-element elementor-element-2016350 elementor-section-boxed elementor-section-height-default elementor-section-height-default\" data-id=\"2016350\" data-element_type=\"section\" data-e-type=\"section\">\n\t\t\t\t\t\t<div class=\"elementor-container elementor-column-gap-default\">\n\t\t\t\t\t<div class=\"elementor-column elementor-col-100 elementor-top-column elementor-element elementor-element-4aaf28a\" data-id=\"4aaf28a\" data-element_type=\"column\" data-e-type=\"column\">\n\t\t\t<div class=\"elementor-widget-wrap elementor-element-populated\">\n\t\t\t\t\t\t<div class=\"elementor-element elementor-element-c70233b elementor-widget elementor-widget-text-editor\" data-id=\"c70233b\" data-element_type=\"widget\" data-e-type=\"widget\" data-widget_type=\"text-editor.default\">\n\t\t\t\t<div class=\"elementor-widget-container\">\n\t\t\t\t\t\t\t\t\t<h1 class=\"wp-block-heading\"><strong>Qui sommes-nous<\/strong><\/h1><p>Les deux premi\u00e8res citations sur notre site web n\u2019ont pas \u00e9t\u00e9 choisies par hasard, vu qu\u2019elles refl\u00e8tent parfaitement la philosophie du mouvement FAIR, dont l\u2019acronyme se compose des mots suivants:<\/p><p><strong><em>F=Freiheit (libert\u00e9)<\/em><\/strong><\/p><p><strong><em>A=Allgemeinwohl (bien \u00eatre public)<\/em><\/strong><\/p><p><strong><em>I = Individualit\u00e4t (individualit\u00e9)<\/em><\/strong><\/p><p><strong><em>R=Respekt (respect)<\/em><\/strong><\/p><p>Depuis mars 2020, ces valeurs ont fortement \u00e9t\u00e9 limit\u00e9es, voire m\u00eame compl\u00e8tement perdues. Il faut savoir que depuis mars 2020, plus rien n\u2019est comme avant. Les gouvernements du monde entier se sont align\u00e9s sur les d\u00e9clarations de l\u2019OMS qui, en date du 11 mars 2020, a class\u00e9 la \u201cCovid 19\u201d comme pand\u00e9mie. Les cons\u00e9quences au niveau plan\u00e9taire sont les mesures liberticides connues jusqu\u2019\u00e0 ce jour.<\/p><p>Depuis, une interdiction en cache une autre, des distances de s\u00e9curit\u00e9, le port du masque obligatoire et des m\u00e9canismes de surveillance inspir\u00e9es du mod\u00e8le chinois ont \u00e9t\u00e9 introduites, le rassemblement de plusieurs personnes n\u2019est plus autoris\u00e9, les soir\u00e9es restaurant, les d\u00e9placements \u00e0 l\u2019\u00e9tranger et la vie culturelle ont \u00e9t\u00e9 mis sous cloche, ou du moins rendus difficiles.<\/p><p>Peu \u00e0 peu, des mouvements de protestation contre ces mesures liberticides \u00e9manant de gouvernements ont vu le jour derri\u00e8re nos fronti\u00e8res, alors qu\u2019au Grand-Duch\u00e9, les voix protestataires sont plut\u00f4t rest\u00e9es timides.<\/p><p>Un des rares mouvements au Luxembourg qui est mont\u00e9 au cr\u00e9neau afin de maintenir les droits fondamentaux des citoyens est \u201cFAIR BEWEEGUNG\u201d.\nCette organisation a vu le jour fin 2020 suite \u00e0 des personnes qui se sont montr\u00e9es de plus en plus critiques face \u00e0 ce qui s\u2019est tout doucement mis en place. Le mouvement s\u2019\u00e9change aussi r\u00e9guli\u00e8rement avec d\u2019autres organisations ou plateformes internet allant dans le m\u00eame sens.<\/p><p>Le mouvement FAIR s\u2019investit principalement pour les droits des enfants qui sont r\u00e9guli\u00e8rement pi\u00e9tin\u00e9s depuis le d\u00e9but de cette pand\u00e9mie. De plus, il ne faut pas oublier de pr\u00e9ciser que contrairement \u00e0 d\u2019autres organisations ou animaux devant \u00eatre prot\u00e9g\u00e9s, les enfants n\u2019ont pas de lobbys. C\u2019est justement dans cette optique que nous voulons principalement rester \u00e0 l\u2019\u00e9coute des enfants, sans pour autant d\u00e9laisser tous les autres membres de notre mouvement.<\/p><p>Le mouvement FAIR s\u2019est constitu\u00e9 de personnes diverses, ayant des convictions diff\u00e9rentes, et travaillant dans des professions bien sp\u00e9cifiques. Nos membres sont jeunes, voire plus \u00e2g\u00e9s, mais partagent tous le m\u00eame objectif: ils veulent que les autorit\u00e9s respectent les personnes leur \u00e9tant subordonn\u00e9es, surtout quand il s\u2019agit d\u2019enfants.<\/p>\t\t\t\t\t\t\t\t<\/div>\n\t\t\t\t<\/div>\n\t\t\t\t\t<\/div>\n\t\t<\/div>\n\t\t\t\t\t<\/div>\n\t\t<\/section>\n\t\t\t\t<\/div>","protected":false},"excerpt":{"rendered":"<p>\u00dcber uns Die beiden Zitate auf der Startseite unserer Homepage sind nicht zuf\u00e4llig gew\u00e4hlt, spiegeln sie doch ziemlich genau die Philosophie von \u201eFAIR Beweegung\u201c wider, die sich aus den einzelnen Worten des FAIR-Akronyms ablesen l\u00e4sst: F = Freiheit A = Allgemeinwohl I = Individualit\u00e4t R = Respekt Diese Werte aber sind sp\u00e4testens seit M\u00e4rz 2020 [&hellip;]<\/p>\n","protected":false},"author":20,"featured_media":0,"parent":0,"menu_order":0,"comment_status":"closed","ping_status":"closed","template":"","meta":{"ocean_post_layout":"full-screen","ocean_both_sidebars_style":"","ocean_both_sidebars_content_width":0,"ocean_both_sidebars_sidebars_width":0,"ocean_sidebar":"footer-one","ocean_second_sidebar":"0","ocean_disable_margins":"on","ocean_add_body_class":"","ocean_shortcode_before_top_bar":"","ocean_shortcode_after_top_bar":"","ocean_shortcode_before_header":"","ocean_shortcode_after_header":"","ocean_has_shortcode":"","ocean_shortcode_after_title":"","ocean_shortcode_before_footer_widgets":"","ocean_shortcode_after_footer_widgets":"","ocean_shortcode_before_footer_bottom":"","ocean_shortcode_after_footer_bottom":"","ocean_display_top_bar":"off","ocean_display_header":"off","ocean_header_style":"","ocean_center_header_left_menu":"0","ocean_custom_header_template":"0","ocean_custom_logo":0,"ocean_custom_retina_logo":0,"ocean_custom_logo_max_width":0,"ocean_custom_logo_tablet_max_width":0,"ocean_custom_logo_mobile_max_width":0,"ocean_custom_logo_max_height":0,"ocean_custom_logo_tablet_max_height":0,"ocean_custom_logo_mobile_max_height":0,"ocean_header_custom_menu":"0","ocean_menu_typo_font_family":"0","ocean_menu_typo_font_subset":"","ocean_menu_typo_font_size":0,"ocean_menu_typo_font_size_tablet":0,"ocean_menu_typo_font_size_mobile":0,"ocean_menu_typo_font_size_unit":"px","ocean_menu_typo_font_weight":"","ocean_menu_typo_font_weight_tablet":"","ocean_menu_typo_font_weight_mobile":"","ocean_menu_typo_transform":"","ocean_menu_typo_transform_tablet":"","ocean_menu_typo_transform_mobile":"","ocean_menu_typo_line_height":0,"ocean_menu_typo_line_height_tablet":0,"ocean_menu_typo_line_height_mobile":0,"ocean_menu_typo_line_height_unit":"","ocean_menu_typo_spacing":0,"ocean_menu_typo_spacing_tablet":0,"ocean_menu_typo_spacing_mobile":0,"ocean_menu_typo_spacing_unit":"","ocean_menu_link_color":"","ocean_menu_link_color_hover":"","ocean_menu_link_color_active":"","ocean_menu_link_background":"","ocean_menu_link_hover_background":"","ocean_menu_link_active_background":"","ocean_menu_social_links_bg":"","ocean_menu_social_hover_links_bg":"","ocean_menu_social_links_color":"","ocean_menu_social_hover_links_color":"","ocean_disable_title":"on","ocean_disable_heading":"default","ocean_post_title":"","ocean_post_subheading":"","ocean_post_title_style":"","ocean_post_title_background_color":"","ocean_post_title_background":0,"ocean_post_title_bg_image_position":"","ocean_post_title_bg_image_attachment":"","ocean_post_title_bg_image_repeat":"","ocean_post_title_bg_image_size":"","ocean_post_title_height":0,"ocean_post_title_bg_overlay":0.5,"ocean_post_title_bg_overlay_color":"","ocean_disable_breadcrumbs":"default","ocean_breadcrumbs_color":"","ocean_breadcrumbs_separator_color":"","ocean_breadcrumbs_links_color":"","ocean_breadcrumbs_links_hover_color":"","ocean_display_footer_widgets":"off","ocean_display_footer_bottom":"off","ocean_custom_footer_template":"0","iawp_total_views":723,"footnotes":""},"class_list":["post-8812","page","type-page","status-publish","hentry","entry"],"_links":{"self":[{"href":"https:\/\/fairbeweegung.lu\/fr\/wp-json\/wp\/v2\/pages\/8812","targetHints":{"allow":["GET"]}}],"collection":[{"href":"https:\/\/fairbeweegung.lu\/fr\/wp-json\/wp\/v2\/pages"}],"about":[{"href":"https:\/\/fairbeweegung.lu\/fr\/wp-json\/wp\/v2\/types\/page"}],"author":[{"embeddable":true,"href":"https:\/\/fairbeweegung.lu\/fr\/wp-json\/wp\/v2\/users\/20"}],"replies":[{"embeddable":true,"href":"https:\/\/fairbeweegung.lu\/fr\/wp-json\/wp\/v2\/comments?post=8812"}],"version-history":[{"count":7,"href":"https:\/\/fairbeweegung.lu\/fr\/wp-json\/wp\/v2\/pages\/8812\/revisions"}],"predecessor-version":[{"id":8819,"href":"https:\/\/fairbeweegung.lu\/fr\/wp-json\/wp\/v2\/pages\/8812\/revisions\/8819"}],"wp:attachment":[{"href":"https:\/\/fairbeweegung.lu\/fr\/wp-json\/wp\/v2\/media?parent=8812"}],"curies":[{"name":"wp","href":"https:\/\/api.w.org\/{rel}","templated":true}]}}