{"id":1681,"date":"2021-06-29T06:37:37","date_gmt":"2021-06-29T04:37:37","guid":{"rendered":"https:\/\/fairbeweegung.lu\/?page_id=1681"},"modified":"2022-11-24T09:08:14","modified_gmt":"2022-11-24T08:08:14","slug":"charta-2","status":"publish","type":"page","link":"https:\/\/fairbeweegung.lu\/fr\/charta-2\/","title":{"rendered":"Charte"},"content":{"rendered":"<div data-elementor-type=\"wp-page\" data-elementor-id=\"1681\" class=\"elementor elementor-1681\" data-elementor-post-type=\"page\">\n\t\t\t\t\t\t<section class=\"elementor-section elementor-top-section elementor-element elementor-element-ce49445 elementor-section-boxed elementor-section-height-default elementor-section-height-default\" data-id=\"ce49445\" data-element_type=\"section\" data-e-type=\"section\">\n\t\t\t\t\t\t<div class=\"elementor-container elementor-column-gap-default\">\n\t\t\t\t\t<div class=\"elementor-column elementor-col-100 elementor-top-column elementor-element elementor-element-6b204b4\" data-id=\"6b204b4\" data-element_type=\"column\" data-e-type=\"column\">\n\t\t\t<div class=\"elementor-widget-wrap elementor-element-populated\">\n\t\t\t\t\t\t<div class=\"elementor-element elementor-element-604c640 elementor-nav-menu__text-align-aside elementor-nav-menu--toggle elementor-nav-menu--burger elementor-widget elementor-widget-nav-menu\" data-id=\"604c640\" data-element_type=\"widget\" data-e-type=\"widget\" data-settings=\"{&quot;layout&quot;:&quot;dropdown&quot;,&quot;submenu_icon&quot;:{&quot;value&quot;:&quot;&lt;i class=\\&quot;fas fa-caret-down\\&quot; aria-hidden=\\&quot;true\\&quot;&gt;&lt;\\\/i&gt;&quot;,&quot;library&quot;:&quot;fa-solid&quot;},&quot;toggle&quot;:&quot;burger&quot;}\" data-widget_type=\"nav-menu.default\">\n\t\t\t\t<div class=\"elementor-widget-container\">\n\t\t\t\t\t\t\t<div class=\"elementor-menu-toggle\" role=\"button\" tabindex=\"0\" aria-label=\"Permuter le menu\" aria-expanded=\"false\">\n\t\t\t<i aria-hidden=\"true\" role=\"presentation\" class=\"elementor-menu-toggle__icon--open eicon-menu-bar\"><\/i><i aria-hidden=\"true\" role=\"presentation\" class=\"elementor-menu-toggle__icon--close eicon-close\"><\/i>\t\t<\/div>\n\t\t\t\t\t<nav class=\"elementor-nav-menu--dropdown elementor-nav-menu__container\" aria-hidden=\"true\">\n\t\t\t\t<ul id=\"menu-2-604c640\" class=\"elementor-nav-menu\"><li class=\"menu-item menu-item-type-post_type menu-item-object-page menu-item-home menu-item-1078\"><a href=\"https:\/\/fairbeweegung.lu\/fr\/\" class=\"elementor-item\" tabindex=\"-1\">Page d'acceuil<\/a><\/li>\n<li class=\"hide-this-item menu-item menu-item-type-post_type menu-item-object-page menu-item-1081\"><a href=\"https:\/\/fairbeweegung.lu\/fr\/?page_id=507\" class=\"elementor-item\" tabindex=\"-1\">Devenir membre<\/a><\/li>\n<li class=\"hide-this-item menu-item menu-item-type-post_type menu-item-object-page menu-item-1080\"><a href=\"https:\/\/fairbeweegung.lu\/fr\/?page_id=46\" class=\"elementor-item\" tabindex=\"-1\">Contact<\/a><\/li>\n<li class=\"menu-item menu-item-type-post_type menu-item-object-page menu-item-8820\"><a href=\"https:\/\/fairbeweegung.lu\/fr\/ueber-uns-2\/\" class=\"elementor-item\" tabindex=\"-1\">Qui sommes-nous<\/a><\/li>\n<li class=\"hide-this-item menu-item menu-item-type-post_type menu-item-object-page menu-item-1115\"><a href=\"https:\/\/fairbeweegung.lu\/fr\/?page_id=1085\" class=\"elementor-item\" tabindex=\"-1\">Statuts<\/a><\/li>\n<li class=\"menu-item menu-item-type-post_type menu-item-object-page menu-item-1691\"><a href=\"https:\/\/fairbeweegung.lu\/fr\/charta-2\/\" class=\"elementor-item\" tabindex=\"-1\">Charte<\/a><\/li>\n<\/ul>\t\t\t<\/nav>\n\t\t\t\t\t\t<\/div>\n\t\t\t\t<\/div>\n\t\t\t\t\t<\/div>\n\t\t<\/div>\n\t\t\t\t\t<\/div>\n\t\t<\/section>\n\t\t\t\t<section class=\"elementor-section elementor-top-section elementor-element elementor-element-bc7ef3d elementor-section-boxed elementor-section-height-default elementor-section-height-default\" data-id=\"bc7ef3d\" data-element_type=\"section\" data-e-type=\"section\">\n\t\t\t\t\t\t<div class=\"elementor-container elementor-column-gap-default\">\n\t\t\t\t\t<div class=\"elementor-column elementor-col-100 elementor-top-column elementor-element elementor-element-502de73\" data-id=\"502de73\" data-element_type=\"column\" data-e-type=\"column\">\n\t\t\t<div class=\"elementor-widget-wrap elementor-element-populated\">\n\t\t\t\t\t\t<div class=\"elementor-element elementor-element-076c040 elementor-widget elementor-widget-image\" data-id=\"076c040\" data-element_type=\"widget\" data-e-type=\"widget\" data-widget_type=\"image.default\">\n\t\t\t\t<div class=\"elementor-widget-container\">\n\t\t\t\t\t\t\t\t\t\t\t\t\t\t\t\t<a href=\"https:\/\/fairbeweegung.lu\/fr\/\">\n\t\t\t\t\t\t\t<img decoding=\"async\" src=\"https:\/\/fairbeweegung.lu\/wp-content\/uploads\/elementor\/thumbs\/fair_Artboard-3-3-transparent-ptftxvz67vvy8y6xnmzg5kkmqwq79087hqbvjw96ok.png\" title=\"fair_Artboard 3-3 transparent\" alt=\"FAIR Beweegung\" loading=\"lazy\" \/>\t\t\t\t\t\t\t\t<\/a>\n\t\t\t\t\t\t\t\t\t\t\t\t\t\t\t<\/div>\n\t\t\t\t<\/div>\n\t\t\t\t\t<\/div>\n\t\t<\/div>\n\t\t\t\t\t<\/div>\n\t\t<\/section>\n\t\t\t\t<section class=\"elementor-section elementor-top-section elementor-element elementor-element-02b6329 elementor-section-boxed elementor-section-height-default elementor-section-height-default\" data-id=\"02b6329\" data-element_type=\"section\" data-e-type=\"section\">\n\t\t\t\t\t\t<div class=\"elementor-container elementor-column-gap-default\">\n\t\t\t\t\t<div class=\"elementor-column elementor-col-100 elementor-top-column elementor-element elementor-element-00699ae\" data-id=\"00699ae\" data-element_type=\"column\" data-e-type=\"column\">\n\t\t\t<div class=\"elementor-widget-wrap elementor-element-populated\">\n\t\t\t\t\t\t<section class=\"elementor-section elementor-inner-section elementor-element elementor-element-6b0ca8d elementor-section-boxed elementor-section-height-default elementor-section-height-default\" data-id=\"6b0ca8d\" data-element_type=\"section\" data-e-type=\"section\">\n\t\t\t\t\t\t<div class=\"elementor-container elementor-column-gap-default\">\n\t\t\t\t\t<div class=\"elementor-column elementor-col-100 elementor-inner-column elementor-element elementor-element-1f6650f\" data-id=\"1f6650f\" data-element_type=\"column\" data-e-type=\"column\">\n\t\t\t<div class=\"elementor-widget-wrap elementor-element-populated\">\n\t\t\t\t\t\t<div class=\"elementor-element elementor-element-84b8020 elementor-widget elementor-widget-wp-widget-text\" data-id=\"84b8020\" data-element_type=\"widget\" data-e-type=\"widget\" data-widget_type=\"wp-widget-text.default\">\n\t\t\t\t<div class=\"elementor-widget-container\">\n\t\t\t\t\t\t\t\t<div class=\"textwidget\"><h1 style=\"font-weight: 600\"><strong style=\"font-style: inherit;font-weight: 600\"><span style=\"font-style: inherit;font-weight: inherit\">charte \u201eFAIR Beweegung\u201c<\/span><\/strong><\/h1>\n<p style=\"font-weight: 400\"><span style=\"font-style: inherit;font-weight: inherit\">\u00a0- Le mouvement \u201cFAIR\u201d a vu le jour suite aux mesures partiellement insens\u00e9es, disproportionn\u00e9es, liberticides, scientifiquement infond\u00e9es et ill\u00e9gales que le gouvernement luxembourgeois a instaur\u00e9es sur base de la pand\u00e9mie \u201cCovid-19\u201d d\u00e9cr\u00e9t\u00e9e par l\u2019OMS en date du 11 mars 2020.<\/span><\/p>\n<p style=\"font-weight: 400\"><span style=\"font-style: inherit;font-weight: inherit\">- Le mouvement \u201cFAIR\u201d n\u2019\u00e9mane d\u2019aucun courant politique et se veut parfaitement neutre en ce qui concerne ses convictions et son champ d\u2019action.<\/span><\/p>\n<p style=\"font-weight: 400\"><span style=\"font-style: inherit;font-weight: inherit\">- Le \"Mouvement FAIR\" accorde la priorit\u00e9 aux droits et aux besoins fondamentaux des personnes, ind\u00e9pendamment de toute caract\u00e9ristique externe ou interne.<\/span><\/p>\n<p style=\"font-weight: 400\"><span style=\"font-style: inherit;font-weight: inherit\">- Le mouvement \u201cFAIR\u201d met en avant les besoins primaires et les droits fondamentaux des \u00eatres humains, ind\u00e9pendamment de leur origine et traits de caract\u00e8re.<\/span><\/p>\n<p style=\"font-weight: 400\" class=\"translation-block\">Les devises du mouvement sont d\u2019\u00e9couter, d\u2019encourager l\u2019\u00e9change respectueux entre personnes, de les d\u00e9fendre en cas de besoin et d\u2019\u00eatre attentif \u00e0 leurs craintes et attentes. Ces principes de base ont donn\u00e9 naissance \u00e0 l\u2019acronyme (allemand) \u201cFAIR\u201d qui se d\u00e9cortique de la fa\u00e7on suivante :<\/p>\n<ol>\n<li style=\"font-weight: 400\"><strong style=\"font-style: inherit;font-weight: 600\"><span style=\"font-style: inherit;font-weight: inherit\">F<\/span><\/strong><i><em style=\"font-weight: inherit\"><span style=\"font-style: inherit;font-weight: inherit\">(libert\u00e9)<\/span><\/em><\/i><\/li>\n<\/ol>\n<p style=\"font-weight: 400\"><span style=\"font-style: inherit;font-weight: inherit\">Le mouvement \u201cFAIR\u201d se base essentiellement sur la d\u00e9claration universelle des droits de l\u2019homme qui a \u00e9t\u00e9 sign\u00e9e en session pl\u00e9ni\u00e8re de l\u2019ONU en date du 10 d\u00e9cembre 1948 :\u00a0<\/span><span style=\"font-style: inherit;font-weight: inherit\"><a style=\"font-style: inherit;font-weight: inherit\" href=\"https:\/\/www.un.org\/fr\/universal-declaration-human-rights\">https:\/\/www.un.org\/fr\/universal-declaration-human-rights<\/a><\/span><\/p>\n<p style=\"font-weight: 400\"><span style=\"font-style: inherit;font-weight: inherit\">Une convention se basant sur cette d\u00e9claration universelle a \u00e9galement \u00e9t\u00e9 sign\u00e9e et adopt\u00e9e au Luxembourg.<\/span><\/p>\n<p style=\"font-weight: 400\"><span style=\"font-style: inherit;font-weight: inherit\"><a style=\"font-style: inherit;font-weight: inherit\" href=\"https:\/\/www.echr.coe.int\/documents\/convention_fra.pdf\">https:\/\/www.echr.coe.int\/documents\/convention_fra.pdf<\/a><\/span><\/p>\n<ol start=\"2\">\n<li style=\"font-weight: 400\"><strong style=\"font-style: inherit;font-weight: 600\"><span style=\"font-style: inherit;font-weight: inherit\">A<\/span><\/strong><i><em style=\"font-weight: inherit\"><span style=\"font-style: inherit;font-weight: inherit\">(Bien\u00eatre public)<\/span><\/em><\/i><\/li>\n<\/ol>\n<p style=\"font-weight: 400\"><span style=\"font-style: inherit;font-weight: inherit\">Le mouvement \u201cFAIR\u201d voit le bien-\u00eatre commun menac\u00e9 en permanence : \nla soci\u00e9t\u00e9 est de plus en plus divis\u00e9e \u00e0 cause des d\u00e9cisions politiques prises \u00e0 l\u2019encontre des peuples, mais aussi \u00e0 cause des narratifs unilat\u00e9raux colport\u00e9s par les m\u00e9dias.\nVu le degr\u00e9 important de d\u00e9sinformation qui se manifeste par le biais de tensions sociales et de malentendus croissants dans la soci\u00e9t\u00e9, le mouvement FAIR veut inverser la tendance en fournissant des informations de premi\u00e8re source, non filtr\u00e9es et v\u00e9rifiables \u00e0 tout moment.<\/span><\/p>\n<ol start=\"3\">\n<li style=\"font-weight: 400\"><strong style=\"font-style: inherit;font-weight: 600\"><span style=\"font-style: inherit;font-weight: inherit\">I<\/span><\/strong><i><em style=\"font-weight: inherit\"><span style=\"font-style: inherit;font-weight: inherit\">(Individualit\u00e9)<\/span><\/em><\/i><\/li>\n<\/ol>\n<p style=\"font-weight: 400\"><span style=\"font-style: inherit;font-weight: inherit\">Chaque \u00eatre humain est unique dans sa pens\u00e9e, ses actions et ses opinions personnelles, en plus de son apparence. La pr\u00e9servation, le soutien et la promotion de cette situation sont la pr\u00e9occupation du Hormis son apparence physique, il importe de rappeler que chaque \u00eatre humain est unique en son genre, dans sa fa\u00e7on de penser, d\u2019agir et de faire valoir son opinion. Le mouvement \u201cFAIR\u201d pr\u00f4ne le bien-\u00eatre commun par-dessus tout sans pour autant n\u00e9gliger le caract\u00e8re sp\u00e9cifique de chaque individu. Parvenir au meilleur des consensus possibles tout en respectant son prochain n\u2019est donc pas chose simple...\u00a0<strong style=\"font-style: inherit;font-weight: 600\">fair<\/strong>Le dialogue pos\u00e9 et l\u2019\u00e9change d\u2019informations de qualit\u00e9 peuvent se r\u00e9v\u00e9ler \u00eatre des atouts majeurs pour rassembler le plus de monde possible sous un m\u00eame d\u00e9nominateur commun.<\/span><span style=\"font-style: inherit;font-weight: inherit\">\u00a0<\/span><\/p>\n<ol start=\"4\">\n<li style=\"font-weight: 400\"><strong style=\"font-style: inherit;font-weight: 600\"><span style=\"font-style: inherit;font-weight: inherit\">R<\/span><\/strong><i><em style=\"font-weight: inherit\"><span style=\"font-style: inherit;font-weight: inherit\">espekt<\/span><\/em><\/i><\/li>\n<\/ol>\n<p style=\"font-weight: 400\" class=\"translation-block\">Sans le respect de chaque \u00eatre humain, il n\u2019est pas possible de parler de libert\u00e9, de bien-\u00eatre commun ou encore d\u2019individualit\u00e9\u2026 et c\u2019est pr\u00e9cis\u00e9ment \u00e0 ce stade que se forme et referme le cercle qui est caract\u00e9ristique du mouvement \u201cFAIR\u201d.<\/p>\n<p style=\"font-weight: 400\"><span style=\"font-style: inherit;font-weight: inherit\">\u00a0<\/span><\/p>\n<p style=\"font-weight: 400\"><span style=\"font-style: inherit;font-weight: inherit\">Mouvement FAIR, mars 2021<\/span><\/p>\n<\/div>\n\t\t\t\t\t\t<\/div>\n\t\t\t\t<\/div>\n\t\t\t\t\t<\/div>\n\t\t<\/div>\n\t\t\t\t\t<\/div>\n\t\t<\/section>\n\t\t\t\t\t<\/div>\n\t\t<\/div>\n\t\t\t\t\t<\/div>\n\t\t<\/section>\n\t\t\t\t<\/div>","protected":false},"excerpt":{"rendered":"","protected":false},"author":2,"featured_media":0,"parent":0,"menu_order":0,"comment_status":"closed","ping_status":"closed","template":"","meta":{"ocean_post_layout":"full-screen","ocean_both_sidebars_style":"","ocean_both_sidebars_content_width":0,"ocean_both_sidebars_sidebars_width":0,"ocean_sidebar":"0","ocean_second_sidebar":"0","ocean_disable_margins":"on","ocean_add_body_class":"","ocean_shortcode_before_top_bar":"","ocean_shortcode_after_top_bar":"","ocean_shortcode_before_header":"","ocean_shortcode_after_header":"","ocean_has_shortcode":"","ocean_shortcode_after_title":"","ocean_shortcode_before_footer_widgets":"","ocean_shortcode_after_footer_widgets":"","ocean_shortcode_before_footer_bottom":"","ocean_shortcode_after_footer_bottom":"","ocean_display_top_bar":"off","ocean_display_header":"off","ocean_header_style":"","ocean_center_header_left_menu":"0","ocean_custom_header_template":"0","ocean_custom_logo":0,"ocean_custom_retina_logo":0,"ocean_custom_logo_max_width":0,"ocean_custom_logo_tablet_max_width":0,"ocean_custom_logo_mobile_max_width":0,"ocean_custom_logo_max_height":0,"ocean_custom_logo_tablet_max_height":0,"ocean_custom_logo_mobile_max_height":0,"ocean_header_custom_menu":"0","ocean_menu_typo_font_family":"0","ocean_menu_typo_font_subset":"","ocean_menu_typo_font_size":0,"ocean_menu_typo_font_size_tablet":0,"ocean_menu_typo_font_size_mobile":0,"ocean_menu_typo_font_size_unit":"px","ocean_menu_typo_font_weight":"","ocean_menu_typo_font_weight_tablet":"","ocean_menu_typo_font_weight_mobile":"","ocean_menu_typo_transform":"","ocean_menu_typo_transform_tablet":"","ocean_menu_typo_transform_mobile":"","ocean_menu_typo_line_height":0,"ocean_menu_typo_line_height_tablet":0,"ocean_menu_typo_line_height_mobile":0,"ocean_menu_typo_line_height_unit":"","ocean_menu_typo_spacing":0,"ocean_menu_typo_spacing_tablet":0,"ocean_menu_typo_spacing_mobile":0,"ocean_menu_typo_spacing_unit":"","ocean_menu_link_color":"","ocean_menu_link_color_hover":"","ocean_menu_link_color_active":"","ocean_menu_link_background":"","ocean_menu_link_hover_background":"","ocean_menu_link_active_background":"","ocean_menu_social_links_bg":"","ocean_menu_social_hover_links_bg":"","ocean_menu_social_links_color":"","ocean_menu_social_hover_links_color":"","ocean_disable_title":"on","ocean_disable_heading":"default","ocean_post_title":"","ocean_post_subheading":"","ocean_post_title_style":"","ocean_post_title_background_color":"","ocean_post_title_background":0,"ocean_post_title_bg_image_position":"","ocean_post_title_bg_image_attachment":"","ocean_post_title_bg_image_repeat":"","ocean_post_title_bg_image_size":"","ocean_post_title_height":0,"ocean_post_title_bg_overlay":0.5,"ocean_post_title_bg_overlay_color":"","ocean_disable_breadcrumbs":"default","ocean_breadcrumbs_color":"","ocean_breadcrumbs_separator_color":"","ocean_breadcrumbs_links_color":"","ocean_breadcrumbs_links_hover_color":"","ocean_display_footer_widgets":"off","ocean_display_footer_bottom":"off","ocean_custom_footer_template":"0","iawp_total_views":416,"footnotes":""},"class_list":["post-1681","page","type-page","status-publish","hentry","entry"],"_links":{"self":[{"href":"https:\/\/fairbeweegung.lu\/fr\/wp-json\/wp\/v2\/pages\/1681","targetHints":{"allow":["GET"]}}],"collection":[{"href":"https:\/\/fairbeweegung.lu\/fr\/wp-json\/wp\/v2\/pages"}],"about":[{"href":"https:\/\/fairbeweegung.lu\/fr\/wp-json\/wp\/v2\/types\/page"}],"author":[{"embeddable":true,"href":"https:\/\/fairbeweegung.lu\/fr\/wp-json\/wp\/v2\/users\/2"}],"replies":[{"embeddable":true,"href":"https:\/\/fairbeweegung.lu\/fr\/wp-json\/wp\/v2\/comments?post=1681"}],"version-history":[{"count":13,"href":"https:\/\/fairbeweegung.lu\/fr\/wp-json\/wp\/v2\/pages\/1681\/revisions"}],"predecessor-version":[{"id":7990,"href":"https:\/\/fairbeweegung.lu\/fr\/wp-json\/wp\/v2\/pages\/1681\/revisions\/7990"}],"wp:attachment":[{"href":"https:\/\/fairbeweegung.lu\/fr\/wp-json\/wp\/v2\/media?parent=1681"}],"curies":[{"name":"wp","href":"https:\/\/api.w.org\/{rel}","templated":true}]}}